{"id":2,"date":"2019-03-27T12:38:11","date_gmt":"2019-03-27T12:38:11","guid":{"rendered":"http:\/\/historiamx.info\/?page_id=2"},"modified":"2022-11-24T18:12:46","modified_gmt":"2022-11-24T18:12:46","slug":"about","status":"publish","type":"page","link":"http:\/\/historiamx.info\/?page_id=2","title":{"rendered":"Acerca de nosotros"},"content":{"rendered":"<p>HistoriaMx nace de la necesidad de brindar recursos acad\u00e9micos y de apoyo para estudiantes del nivel b\u00e1sico y media superior as\u00ed como a los interesados en la historia de M\u00e9xico.<\/p>\n\n\n<figure class=\"wp-block-image size-full\"><a href=\"http:\/\/historiamx.info\/wp-content\/uploads\/2022\/11\/aguila-1.jpg\"><img loading=\"lazy\" decoding=\"async\" width=\"564\" height=\"694\" src=\"http:\/\/historiamx.info\/wp-content\/uploads\/2022\/11\/aguila-1.jpg\" alt=\"\" class=\"wp-image-95\" srcset=\"http:\/\/historiamx.info\/wp-content\/uploads\/2022\/11\/aguila-1.jpg 564w, http:\/\/historiamx.info\/wp-content\/uploads\/2022\/11\/aguila-1-244x300.jpg 244w\" sizes=\"auto, (max-width: 564px) 100vw, 564px\" \/><\/a><\/figure>\n","protected":false},"excerpt":{"rendered":"<p>HistoriaMx nace de la necesidad de brindar recursos acad\u00e9micos y de apoyo para estudiantes del&#8230;<\/p>\n","protected":false},"author":1,"featured_media":0,"parent":0,"menu_order":0,"comment_status":"open","ping_status":"open","template":"","meta":{"footnotes":""},"class_list":["post-2","page","type-page","status-publish","hentry"],"jetpack_sharing_enabled":true,"_links":{"self":[{"href":"http:\/\/historiamx.info\/index.php?rest_route=\/wp\/v2\/pages\/2","targetHints":{"allow":["GET"]}}],"collection":[{"href":"http:\/\/historiamx.info\/index.php?rest_route=\/wp\/v2\/pages"}],"about":[{"href":"http:\/\/historiamx.info\/index.php?rest_route=\/wp\/v2\/types\/page"}],"author":[{"embeddable":true,"href":"http:\/\/historiamx.info\/index.php?rest_route=\/wp\/v2\/users\/1"}],"replies":[{"embeddable":true,"href":"http:\/\/historiamx.info\/index.php?rest_route=%2Fwp%2Fv2%2Fcomments&post=2"}],"version-history":[{"count":2,"href":"http:\/\/historiamx.info\/index.php?rest_route=\/wp\/v2\/pages\/2\/revisions"}],"predecessor-version":[{"id":96,"href":"http:\/\/historiamx.info\/index.php?rest_route=\/wp\/v2\/pages\/2\/revisions\/96"}],"wp:attachment":[{"href":"http:\/\/historiamx.info\/index.php?rest_route=%2Fwp%2Fv2%2Fmedia&parent=2"}],"curies":[{"name":"wp","href":"https:\/\/api.w.org\/{rel}","templated":true}]}}